{"id":138,"date":"2022-08-19T15:14:07","date_gmt":"2022-08-19T07:14:07","guid":{"rendered":"https:\/\/www.polishingmach.com\/?page_id=138"},"modified":"2022-10-17T11:28:27","modified_gmt":"2022-10-17T03:28:27","slug":"mahremiyet","status":"publish","type":"page","link":"https:\/\/www.polishingmach.com\/tr\/privacy\/","title":{"rendered":"mahremiyet"},"content":{"rendered":"<p>Bilgilerinizin gizlili\u011fi ve g\u00fcvenli\u011fi bizim i\u00e7in \u00e7ok \u00f6nemlidir.\u00a0<br \/>\nDaha fazla bilgi edinmek i\u00e7in l\u00fctfen a\u015fa\u011f\u0131daki tam gizlilik politikas\u0131n\u0131 inceleyin.<\/p>\n<ol>\n<li>girii\u015f<\/li>\n<\/ol>\n<p>Bu gizlilik politikas\u0131, \u015firketimizin ve ba\u011fl\u0131 kurulu\u015flar\u0131n\u0131n bilgilerinizi nas\u0131l toplad\u0131\u011f\u0131n\u0131 ve kulland\u0131\u011f\u0131n\u0131 a\u00e7\u0131klar. Gizlilik politikam\u0131z, web sitemizi, \u015firketimizi ve \u00e7evrimi\u00e7i hizmetlerimizi ve \u00fcyelerimiz taraf\u0131ndan sa\u011flanan web sitelerini ve \u00e7evrimi\u00e7i hizmetleri (topluca \u201csiteler\u201d olarak an\u0131lacakt\u0131r) ziyaret eden ve kullanan t\u00fcm ki\u015filer i\u00e7in ge\u00e7erlidir. Ba\u011fl\u0131 \u015firketler, do\u011frudan veya dolayl\u0131 olarak \u015firketimize ait olan veya \u015firketimiz taraf\u0131ndan kontrol edilen veya m\u00fc\u015ftereken kontrol edilen kurulu\u015flard\u0131r. Bu gizlilik politikas\u0131nda &quot;temel sa\u011fl\u0131k&quot;, &quot;biz&quot;, &quot;bizim&quot; veya &quot;bizim&quot; ifadeleri, ki\u015fisel verilerinizin toplanmas\u0131ndan ve kullan\u0131lmas\u0131ndan sorumlu olan t\u00fczel ki\u015fiye, genellikle her durumda ki\u015fisel verilerinizi elde eden t\u00fczel ki\u015fiye at\u0131fta bulunur. Bu varl\u0131k ayn\u0131 zamanda veri denetleyicisi olarak da adland\u0131r\u0131l\u0131r. Bu gizlilik politikas\u0131, \u015firketimiz veya ba\u011fl\u0131 \u015firketlerimiz taraf\u0131ndan i\u015fletilen web sitelerini ve \u00e7evrimi\u00e7i hizmetleri kapsamaz. Bu web siteleri ve \u00e7evrimi\u00e7i hizmetler ayr\u0131 gizlilik politikalar\u0131na sahiptir ve bu gizlilik politikas\u0131na ba\u011fl\u0131 de\u011fildir veya referans olarak birle\u015ftirilmemi\u015ftir. Parola korumal\u0131 alanlar veya \u00e7evrimi\u00e7i i\u015fe al\u0131m i\u00e7in kullan\u0131lan web sayfalar\u0131 gibi web sitemizin di\u011fer b\u00f6l\u00fcmleri i\u00e7in de farkl\u0131 gizlilik politikalar\u0131 ge\u00e7erli olabilir. Gizlilik politikam\u0131z yaln\u0131zca bu web sitesinde ger\u00e7ekle\u015ftirdi\u011fimiz faaliyetler i\u00e7in ge\u00e7erlidir ve \u201c\u00e7evrimd\u0131\u015f\u0131\u201d veya bu web sitesiyle ilgisi olmayan faaliyetler i\u00e7in ge\u00e7erli de\u011fildir. Bu gizlilik politikas\u0131, h\u00fck\u00fcm ve ko\u015fullar\u0131m\u0131za dahil edilmi\u015ftir ve ayn\u0131s\u0131 web sitemizi kulland\u0131\u011f\u0131n\u0131zda da ge\u00e7erlidir. Bu web sitesini kullanarak ve bu web sitesi arac\u0131l\u0131\u011f\u0131yla ki\u015fisel verilerinizi ve di\u011fer bilgilerinizi sa\u011flayarak, ki\u015fisel verilerinizin bu gizlilik politikas\u0131n\u0131n \u015fartlar\u0131na uygun olarak i\u015flenece\u011fini kabul etmektesiniz. Bu gizlilik politikas\u0131nda a\u00e7\u0131klanan uygulamalar\u0131 kabul etmiyorsan\u0131z, l\u00fctfen bize ki\u015fisel verilerinizi vermeyin veya web sitesiyle ba\u015fka \u015fekillerde etkile\u015fime ge\u00e7meyin. Bu gizlilik politikas\u0131n\u0131 herhangi bir zamanda de\u011fi\u015ftirme hakk\u0131m\u0131z sakl\u0131d\u0131r. Gizlilik politikam\u0131zda herhangi bir \u00f6nemli de\u011fi\u015fiklik yaparsak, de\u011fi\u015fiklikler y\u00fcr\u00fcrl\u00fc\u011fe girmeden \u00f6nce bu web sitesinde bildirimde bulunaca\u011f\u0131z. Bu gizlilik politikas\u0131n\u0131n en son revizyon tarihini yukar\u0131daki \u201cson g\u00fcncelleme\u201d tarihine bakarak belirleyebilirsiniz. Bu gizlilik politikas\u0131n\u0131n en son s\u00fcr\u00fcm\u00fcn\u00fc g\u00f6r\u00fcnt\u00fcleyebilirsiniz. Herhangi bir de\u011fi\u015fiklik i\u00e7in gizlilik politikas\u0131n\u0131 d\u00fczenli olarak kontrol etmenizi \u00f6neririz.<\/p>\n<p>&nbsp;<\/p>\n<ol start=\"2\">\n<li>Hakk\u0131n\u0131zda hangi ki\u015fisel verileri topluyoruz?<\/li>\n<\/ol>\n<p>Bu gizlilik politikas\u0131nda kullan\u0131lan ki\u015fisel veriler, kimli\u011fi belirli veya belirlenebilir bir ki\u015fiyle ilgili veya ge\u00e7erli yasalarca tan\u0131mland\u0131\u011f\u0131 \u015fekliyle her t\u00fcrl\u00fc bilgiyi ifade eder. Web sitemizi ziyaret etti\u011finizde ve onunla g\u00f6n\u00fcll\u00fc olarak etkile\u015fim kurdu\u011funuzda, a\u015fa\u011f\u0131daki ki\u015fisel verileri toplayaca\u011f\u0131z:<br \/>\nAd\u0131n\u0131z ve soyad\u0131n\u0131z;<br \/>\nFirma Ad\u0131;<br \/>\n\u0130nternet Protokol\u00fc (IP) adresi;<br \/>\n\u0130leti\u015fim bilgileri (\u00f6rne\u011fin, telefon numaras\u0131, e-posta adresi);<br \/>\nveya, g\u00f6n\u00fcll\u00fc olarak sa\u011flad\u0131\u011f\u0131n\u0131z di\u011fer bilgiler.<\/p>\n<p>&nbsp;<\/p>\n<ol start=\"3\">\n<li>Sizinle ilgili ki\u015fisel verileri ne zaman topluyoruz?<\/li>\n<\/ol>\n<p>Bu t\u00fcr bilgileri g\u00f6n\u00fcll\u00fc olarak a\u00e7\u0131klamay\u0131 se\u00e7medi\u011finiz s\u00fcrece, \u015firketimiz bu web sitesi arac\u0131l\u0131\u011f\u0131yla sizden herhangi bir ki\u015fisel veri toplamayacakt\u0131r. Web sitesinde farkl\u0131 zaman ve yerlerde belirli ki\u015fisel verileri sa\u011flaman\u0131z\u0131 isteyebiliriz. Baz\u0131 durumlarda, talep edilen ki\u015fisel verileri bize vermemeyi se\u00e7erseniz, bu web sitesinin t\u00fcm i\u00e7eri\u011fine eri\u015femeyebilir veya t\u00fcm i\u015flevlerine kat\u0131lamayabilirsiniz. \u00d6rne\u011fin, a\u015fa\u011f\u0131daki eylemleri ger\u00e7ekle\u015ftirdi\u011finizde sizden ki\u015fisel veriler toplayabiliriz:<br \/>\n\u015eirketimizden web sitemiz \u00fczerinden \u00fcr\u00fcn sat\u0131n al\u0131n;<br \/>\nE-postam\u0131z\u0131 a\u00e7\u0131n veya yan\u0131tlay\u0131n;<br \/>\nM\u00fc\u015fteri anketleri arac\u0131l\u0131\u011f\u0131yla bize g\u00f6n\u00fcll\u00fc olarak bilgi verdi\u011finizde, bunlar\u0131 sizin hakk\u0131n\u0131zda daha \u00f6nce toplad\u0131\u011f\u0131m\u0131z ki\u015fisel verilere ba\u011flayabiliriz;<br \/>\nM\u00fc\u015fteri hizmetleri ile ileti\u015fime ge\u00e7in, \u015firket temsilcilerimizle konu\u015fmak i\u00e7in &quot;ba\u011flan&quot; i\u015flevimizi kullan\u0131n veya m\u00fc\u015fteri destek ara\u00e7lar\u0131m\u0131z\u0131 kullan\u0131n;<br \/>\nSosyal a\u011f siteleri arac\u0131l\u0131\u011f\u0131yla web sitemize ba\u011flan\u0131n, ba\u011flant\u0131 kurun veya \u201cpayla\u015f\u0131n\u201d;<br \/>\nBize \u00fc\u00e7\u00fcnc\u00fc bir \u015fahs\u0131n ki\u015fisel verilerini sa\u011fl\u0131yorsan\u0131z, bu, \u00fc\u00e7\u00fcnc\u00fc \u015fahsa bir bildirimde bulundu\u011funuz ve \u00fc\u00e7\u00fcnc\u00fc \u015fah\u0131s taraf\u0131ndan bu t\u00fcr bilgileri verme yetkisine sahip oldu\u011funuz anlam\u0131na gelir.<\/p>\n<p>&nbsp;<\/p>\n<ol start=\"4\">\n<li>Ki\u015fisel verileri nas\u0131l kullan\u0131r\u0131z?<\/li>\n<\/ol>\n<p>\u015eirketimiz, web sitemizi ziyaret etti\u011finizde size hizmet sunmak veya sizinle s\u00f6zle\u015fmeye dayal\u0131 bir anla\u015fma yapmak i\u00e7in toplad\u0131\u011f\u0131m\u0131z ki\u015fisel verileri kullan\u0131r. Bu i\u00e7erir:<br \/>\nGereksinimlerinize g\u00f6re sizin i\u00e7in bir \u00e7evrimi\u00e7i web sitesi hesab\u0131 olu\u015fturun;<br \/>\nM\u00fc\u015fteri hizmeti sa\u011flay\u0131n (\u00f6rne\u011fin, sorular\u0131n\u0131z\u0131 yan\u0131tlay\u0131n veya taleplere yan\u0131t verin);<br \/>\nSize hat\u0131rlat\u0131c\u0131lar, g\u00fcncellemeler, destek, y\u00f6netim mesajlar\u0131, hizmet duyurular\u0131 ve istenen bilgileri g\u00f6ndermek;\u00a0<br \/>\nVeriler, gizlilik haklar\u0131n\u0131zla ve beklentilerinizle uyumlu oldu\u011fu s\u00fcrece, me\u015fru ticari nedenlerle \u00fc\u00e7\u00fcnc\u00fc bir taraf veya bizim taraf\u0131m\u0131zdan takip edilen ki\u015fisel verileri kullanaca\u011f\u0131z. Bu i\u00e7erir:<br \/>\nBu web sitesini, hizmetlerimizi ve \u00fcr\u00fcnlerimizi i\u015fletmek, s\u00fcrd\u00fcrmek ve iyile\u015ftirmek;<br \/>\nAnaliz ger\u00e7ekle\u015ftirin ve m\u00fc\u015fteri ara\u015ft\u0131rmas\u0131 yap\u0131n;<br \/>\nSa\u011fl\u0131k uzmanlar\u0131 gibi yaln\u0131zca belirli nitelik gerekliliklerini veya standartlar\u0131n\u0131 kar\u015f\u0131layan ki\u015filere sunulan belirli \u00fcr\u00fcn veya hizmetlere eri\u015fme veya bunlar\u0131 kullanma yetene\u011finizi do\u011frulay\u0131n;<br \/>\nBelirli \u00fc\u00e7\u00fcnc\u00fc taraf i\u00e7erik hizmeti sa\u011flay\u0131c\u0131lar\u0131yla etkile\u015fime girmenize izin vermek (\u00f6rne\u011fin, bu web sitesindeki \u00fc\u00e7\u00fcnc\u00fc taraf web sitelerine ba\u011flant\u0131 vermenizi veya bu web sitelerindeki i\u00e7eri\u011fi g\u00f6r\u00fcnt\u00fclemenizi veya i\u00e7eri\u011fimizi \u00fc\u00e7\u00fcnc\u00fc taraf web sitelerinde g\u00f6r\u00fcnt\u00fclemenizi sa\u011flamak i\u00e7in);<br \/>\nWeb sitemizin interaktif \u00f6zelliklerine kat\u0131lmay\u0131 se\u00e7menize izin vermek;<br \/>\nTaraf\u0131m\u0131zdan veya \u00fc\u00e7\u00fcnc\u00fc taraf i\u015f ortaklar\u0131m\u0131z arac\u0131l\u0131\u011f\u0131yla sa\u011flanan \u00e7evrimi\u00e7i anketleri veya \u00f6zel teklifleri y\u00f6netmek;<br \/>\nWeb sitemizi, m\u00fc\u015fteri hizmetlerimizi, \u00fcr\u00fcnlerimizi ve hizmetlerimizi ve genel kullan\u0131c\u0131 deneyimini geli\u015ftirmek;<br \/>\nSizi daha iyi anlamam\u0131za ve ilgi alanlar\u0131n\u0131z\u0131 belirlememize yard\u0131mc\u0131 olmak i\u00e7in sizinle ilgili sahip oldu\u011fumuz di\u011fer bilgileri geli\u015ftirmek;<br \/>\nYeni \u00fcr\u00fcnler veya ilginizi \u00e7ekebilecek di\u011fer \u00fcr\u00fcnler, hizmetler ve promosyonlar hakk\u0131nda sizi bilgilendirebilmemiz i\u00e7in tercihlerinizi belirleyin;<br \/>\n\u015eirketimiz ayr\u0131ca ki\u015fisel verilerinizi kullanmak i\u00e7in yasal bir dayana\u011fa sahiptir:<br \/>\nDoland\u0131r\u0131c\u0131l\u0131\u011f\u0131, kamu g\u00fcvenli\u011fini \u00f6nlemek ve \u015firketimizin raporlama y\u00fck\u00fcml\u00fcl\u00fcklerini, \u015fartlar\u0131n\u0131 ve ko\u015fullar\u0131n\u0131 uygulamak ve yasalara, d\u00fczenlemelere, mahkeme emirlerine, mahkeme celplerine veya di\u011fer yasal prosed\u00fcrlere uymak.<br \/>\nYasalar\u0131n gerektirdi\u011fi durumlarda, bu gizlilik politikas\u0131na uygun olarak toplanan bilgileri, ilginizi \u00e7ekebilece\u011fini d\u00fc\u015f\u00fcnd\u00fc\u011f\u00fcm\u00fcz mal veya hizmetleri size sa\u011flamak i\u00e7in &quot;opt-in&quot; izninizle de kullanabiliriz.<\/p>\n<p>&nbsp;<\/p>\n<ol start=\"5\">\n<li>Hassas ki\u015fisel verilerle nas\u0131l ba\u015fa \u00e7\u0131k\u0131l\u0131r?<\/li>\n<\/ol>\n<p>Gizlilik politikas\u0131nda kullan\u0131lan hassas ki\u015fisel veriler (\u201c\u00f6zel ki\u015fisel veri kategorileri\u201d olarak da an\u0131l\u0131r), \u0131rk\u0131n\u0131z veya etnik k\u00f6keniniz, siyasi g\u00f6r\u00fc\u015fleriniz, dininiz veya di\u011fer inan\u00e7lar\u0131n\u0131z, sa\u011fl\u0131\u011f\u0131n\u0131zla, genetik veya biyolojik \u00f6zellikleriniz, cinsel hayat\u0131n\u0131z, ya da cinsellik. Oryantasyon, su\u00e7 ge\u00e7mi\u015fi veya sendika \u00fcyeli\u011fi hakk\u0131nda bilgiler. \u015eirketimiz hassas ki\u015fisel verileri yaln\u0131zca a\u015fa\u011f\u0131daki s\u0131n\u0131rl\u0131 durumlarda toplar:<br \/>\nA\u00e7\u0131k r\u0131zan\u0131zla;<br \/>\nFiziksel veya yasal olarak anla\u015famazsan\u0131z, sizin veya ba\u015fkalar\u0131n\u0131n hayati \u00e7\u0131karlar\u0131n\u0131 koruyun;<br \/>\n\u00d6nleyici veya mesleki t\u0131bbi ama\u00e7lar i\u00e7in tedavi gerekliyse, Birlik veya \u00dcye Devletlerin yasalar\u0131na veya sa\u011fl\u0131k profesyonelleriyle yap\u0131lan s\u00f6zle\u015fmelere uygun olarak sa\u011fl\u0131k veya sosyal bak\u0131m veya tedavi sa\u011flay\u0131n veya sa\u011fl\u0131k veya sosyal bak\u0131m sistemlerini ve hizmetlerini y\u00f6netin; veya yasal hak taleplerini olu\u015fturmak, uygulamak veya savunmak i\u00e7in veya ge\u00e7erli yasalar\u0131n izin verdi\u011fi ve gerektirdi\u011fi \u00f6l\u00e7\u00fcde kullan\u0131l\u0131r.<br \/>\nY\u00fcr\u00fcrl\u00fckteki yasalar aksini gerektirmedik\u00e7e, web sitemizi kullan\u0131rken bize herhangi bir hassas ki\u015fisel veri sa\u011flaman\u0131z gerekmez. Bunu yapmamay\u0131 se\u00e7erseniz, karar\u0131n\u0131z web sitemizi kullanman\u0131za engel olmayacakt\u0131r.<\/p>\n<p>&nbsp;<\/p>\n<ol start=\"6\">\n<li>Ba\u015fka hangi bilgileri topluyoruz?<\/li>\n<\/ol>\n<p>Di\u011fer bir\u00e7ok web sitesi gibi, web sitemize g\u00f6z att\u0131\u011f\u0131n\u0131zda ve web sitemizle etkile\u015fim kurdu\u011funuzda, cihaz\u0131n\u0131z, tarama i\u015flemleri ve kal\u0131plar\u0131 hakk\u0131nda a\u015fa\u011f\u0131dakiler dahil belirli bilgileri toplamak i\u00e7in otomatik toplama teknolojisini kullanabiliriz:<br \/>\nWeb sitemizde ziyaret etti\u011finiz ve kulland\u0131\u011f\u0131n\u0131z kaynaklar, trafik verileri, konum verileri, g\u00fcnl\u00fckler, dil dahil olmak \u00fczere web sitemizi ziyaretinizin ayr\u0131nt\u0131lar\u0131;<br \/>\nEri\u015fim tarihi ve saati, frekans ve di\u011fer ileti\u015fim verileri;<br \/>\n\u0130\u015fletim sistemi, ana bilgisayar etki alan\u0131 ve taray\u0131c\u0131 t\u00fcr\u00fc (Internet Explorer gibi) dahil olmak \u00fczere bilgisayar ve \u0130nternet ba\u011flant\u0131s\u0131 hakk\u0131nda bilgiler; veya<br \/>\n\u00d6nerilen web sitesi (URL) ayr\u0131nt\u0131lar\u0131.<br \/>\nOtomatik olarak toplad\u0131\u011f\u0131m\u0131z bilgiler, web sitemizi geli\u015ftirmemize ve daha iyi ve daha ki\u015fiselle\u015ftirilmi\u015f hizmetler sunmam\u0131za yard\u0131mc\u0131 olabilecek istatistiksel verilerdir ve \u015funlar\u0131 yapmam\u0131z\u0131 sa\u011flar:<br \/>\nWeb sitesi trafik modellerini belirleyin;<br \/>\nSite ziyaretlerinin say\u0131s\u0131n\u0131 say\u0131n;<br \/>\nWeb sitesinin performans\u0131n\u0131 \u00f6l\u00e7ebilmemiz ve iyile\u015ftirebilmemiz i\u00e7in trafik kayna\u011f\u0131n\u0131 belirleyin;<br \/>\nBu t\u00fcr bilgileri \u00fc\u00e7\u00fcnc\u00fc taraflarla payla\u015fmak veya satmak;<br \/>\nHangi sayfalar\u0131n ve i\u00e7eri\u011fin en pop\u00fcler ve en az pop\u00fcler oldu\u011funu anlamam\u0131za yard\u0131mc\u0131 olun; ve<br \/>\nWeb sitemizi ziyaretinizin s\u0131kl\u0131\u011f\u0131n\u0131 ve son tarihini belirleyin.<\/p>\n<p>&nbsp;<\/p>\n<ol start=\"7\">\n<li>\u00c7erezler ve di\u011fer teknolojiler<\/li>\n<\/ol>\n<p>Web sitemizi ziyaret etti\u011finizde veya e-postalar\u0131m\u0131zla etkile\u015fim kurdu\u011funuzda, sizi tan\u0131mlamak i\u00e7in tan\u0131mlama bilgileri, web i\u015faretleri\/piksel etiketleri ve di\u011fer teknolojileri (topluca &quot;\u00e7erezler&quot; olarak an\u0131l\u0131r) kullan\u0131r\u0131z. &quot;\u00c7erezler&quot;, \u0130nternet etkinli\u011fine dayal\u0131 olarak bir bilgisayarda \u00f6nbelle\u011fe al\u0131nan veya depolanan k\u00fc\u00e7\u00fck miktarlardaki verilerdir. Bu \u00e7erezler, birinci taraf veya \u00fc\u00e7\u00fcnc\u00fc taraf ba\u011flam\u0131nda aktar\u0131labilir. \u00d6rne\u011fin, taray\u0131c\u0131 t\u00fcr\u00fcn\u00fcz ve s\u00fcr\u00fcm\u00fcn\u00fcz, i\u015fletim sisteminiz, kullan\u0131c\u0131 diliniz, ISS&#039;niz, g\u00f6r\u00fcnt\u00fclenen web sayfalar\u0131, t\u0131klanan ba\u011flant\u0131lar, IP adresi, &quot;Flash&quot; eklentisi olup olmad\u0131\u011f\u0131, ekran \u00e7\u00f6z\u00fcn\u00fcrl\u00fc\u011f\u00fc ve ba\u011flant\u0131 bilgileri hakk\u0131nda bilgi toplayabiliriz. Web sitemizi ziyaret etmeden \u00f6nce ve ziyaret ettikten sonra ziyaret edilen web siteleri, sat\u0131n al\u0131nan mallar hakk\u0131nda ayr\u0131nt\u0131l\u0131 bilgiler ve g\u00f6nderdi\u011finiz, iletti\u011finiz veya web sitemize girmek i\u00e7in t\u0131klad\u0131\u011f\u0131n\u0131z e-postalar. Bu bilgileri toplayarak, web sitemizle nas\u0131l etkile\u015fim kurdu\u011funuzu daha iyi anlayabiliriz; tercihlerinizi takip ederek size daha ki\u015fiselle\u015ftirilmi\u015f ve optimize edilmi\u015f bir \u00e7evrimi\u00e7i deneyim sa\u011flamak; web sitemizi geli\u015ftirmek; i\u015f ortaklar\u0131m\u0131zla s\u00f6zle\u015fmeler yapmak; yard\u0131m Al\u0131nd\u0131\u011f\u0131n\u0131 onaylay\u0131n ve e-postam\u0131za yan\u0131t verin; ve daha etkili m\u00fc\u015fteri hizmeti sunmak. Toplad\u0131\u011f\u0131m\u0131z \u00e7erezler ve bunlar\u0131n nas\u0131l devre d\u0131\u015f\u0131 b\u0131rak\u0131laca\u011f\u0131 hakk\u0131nda daha fazla bilgi i\u00e7in l\u00fctfen \u00c7erez Politikam\u0131z\u0131 ve a\u015fa\u011f\u0131daki 9. b\u00f6l\u00fcm\u00fc ziyaret edin. Sosyal medya eklentileri. Web sitemiz, Facebook, Twitter ve LinkedIn sosyal a\u011flar\u0131ndan sosyal eklentiler (\u201ceklentiler\u201d) olarak adland\u0131r\u0131l\u0131r. Bu eklentiler, sosyal a\u011flar\u0131n ilgili logolar\u0131yla belirtilir. Siteyi ziyaret etti\u011finizde taray\u0131c\u0131n\u0131z bu sosyal a\u011flar\u0131n sunucular\u0131 ile do\u011frudan ba\u011flant\u0131 kuracakt\u0131r. Sosyal a\u011f, eklentinin i\u00e7eri\u011fini do\u011frudan taray\u0131c\u0131n\u0131za aktar\u0131r ve ard\u0131ndan bunu web sitesine entegre eder. Eklentilerin entegrasyonu, sosyal medya a\u011flar\u0131n\u0131n sitenin ilgili sayfalar\u0131na y\u00fckledi\u011finiz bilgileri almas\u0131n\u0131 sa\u011flar. \u00d6rne\u011fin, Facebook ile giri\u015f yaparsan\u0131z, ziyaretinizi hesab\u0131n\u0131za atayabilir. Web sitemizi ziyaret etti\u011finizde, eklenti ile etkile\u015fimde bulunsan\u0131z da olmasan\u0131z da, bu bilgileri zaten de\u011fi\u015ftirmi\u015f olursunuz. Eklentiyle etkile\u015fime girerseniz, ilgili bilgiler taray\u0131c\u0131n\u0131z arac\u0131l\u0131\u011f\u0131yla do\u011frudan Facebook&#039;a g\u00f6nderilir ve orada kaydedilir. Sosyal a\u011flar\u0131n verileri nas\u0131l kulland\u0131\u011f\u0131na ili\u015fkin bilgilerin yan\u0131 s\u0131ra gizlili\u011finizi korumak i\u00e7in sosyal a\u011f sitelerinde haklar\u0131n\u0131z ve iste\u011fe ba\u011fl\u0131 ayarlar\u0131n\u0131z\u0131 bulabilirsiniz. Sosyal a\u011flar\u0131n web sitemiz arac\u0131l\u0131\u011f\u0131yla hakk\u0131n\u0131zda veri toplamas\u0131n\u0131 istemiyorsan\u0131z, web sitesini ziyaret etmeden \u00f6nce sosyal a\u011f etki alan\u0131na giri\u015f yapmal\u0131s\u0131n\u0131z. Web sitemizi ziyaretiniz s\u0131ras\u0131nda sosyal a\u011flar ile bilgi al\u0131\u015fveri\u015fini engellemek i\u00e7in taray\u0131c\u0131 ayarlar\u0131n\u0131z ve di\u011fer ara\u00e7lar arac\u0131l\u0131\u011f\u0131yla \u00e7erezleri devre d\u0131\u015f\u0131 b\u0131rakabilirsiniz.\u00a0<\/p>\n<p>&nbsp;<\/p>\n<ol start=\"8\">\n<li>Bilgileri nas\u0131l payla\u015f\u0131r\u0131z?<\/li>\n<\/ol>\n<p>\u015eirketimiz ki\u015fisel verilerinizi gizli tutmay\u0131 taahh\u00fct eder. Bu gizlilik politikas\u0131nda belirtilenler d\u0131\u015f\u0131nda, web sitesinde toplanan ki\u015fisel verilerinizi \u00fc\u00e7\u00fcnc\u00fc \u015fah\u0131slara satmayaca\u011f\u0131z, takas etmeyece\u011fiz veya kiralamayaca\u011f\u0131z. Ki\u015fisel verilerinizi a\u015fa\u011f\u0131daki yasal gereklilikler veya izinler do\u011frultusunda payla\u015fabiliriz:<br \/>\nG\u00fcnl\u00fck i\u015f s\u00fcrecinde, herhangi bir Anhui XYD Polishing Machine Co., Ltd. ba\u011fl\u0131 \u015firketi, ki\u015fisel verilerinizi yaln\u0131zca bu gizlilik politikas\u0131nda a\u00e7\u0131klanan ama\u00e7lar i\u00e7in kullanabilir (\u00f6rne\u011fin, \u00fcr\u00fcnlerimiz ve hizmetlerimizle ilgili sorular\u0131n\u0131za yan\u0131t vermek i\u00e7in);<br \/>\nBizim ad\u0131m\u0131za sipari\u015flerin i\u015flenmesi ve yerine getirilmesi gibi hizmetler sa\u011flayan y\u00fckleniciler, sat\u0131c\u0131lar ve tedarik\u00e7ilerle; veri analizi ve depolama; e-postalar\u0131n ve di\u011fer ileti\u015fimlerin do\u011frudan pazarlanmas\u0131na ve da\u011f\u0131t\u0131lmas\u0131na yard\u0131mc\u0131 olmak; doland\u0131r\u0131c\u0131l\u0131k \u00f6nleme hizmetleri; teslimat ve lojistik; ve Yukar\u0131daki koleksiyonun di\u011fer ama\u00e7lar\u0131n\u0131 tamamlamak;<br \/>\nBiz veya ba\u011fl\u0131 \u015firketlerimizden herhangi biri, fiili veya olas\u0131 birle\u015fmeler, sat\u0131n almalar veya i\u015f birimlerinin sat\u0131\u015f\u0131 gibi ba\u011fl\u0131 \u015firketlerimizden herhangi birinin \u00f6nerilen veya tam kurumsal yeniden organizasyonu ile ilgili olarak iflas veya m\u00fclkiyetin (veya varl\u0131klar\u0131n) devri i\u00e7in ba\u015fvuruda bulunursa;<br \/>\nYasal d\u00fczenlemelere ve h\u00fck\u00fcmet gereksinimlerine uymak veya gerekti\u011finde denetim, uyumluluk ve kurumsal y\u00f6netim i\u015flevlerini desteklemek;<br \/>\nDoland\u0131r\u0131c\u0131l\u0131k veya su\u00e7 faaliyeti ile m\u00fccadele etmek ve bizim veya ba\u011fl\u0131 \u015firketlerimizin, kullan\u0131c\u0131lar\u0131m\u0131z\u0131n ve i\u015f ortaklar\u0131m\u0131z\u0131n haklar\u0131n\u0131 korumak veya \u015fart ve ko\u015fullar\u0131m\u0131z\u0131n uygulanmas\u0131 da dahil olmak \u00fczere \u015firketimizi etkileyen yasal prosed\u00fcrlerin bir par\u00e7as\u0131 olarak.<\/p>","protected":false},"excerpt":{"rendered":"<p>The privacy and security of your information is very important to us.\u00a0 Please view the full privacy policy below to learn more. Introduction This privacy policy explains how our company and its affiliates collect and use your information. Our privacy policy applies to all people who visit and use our website, our company and online [&hellip;]<\/p>\n","protected":false},"author":1,"featured_media":0,"parent":0,"menu_order":0,"comment_status":"closed","ping_status":"closed","template":"page\/privacy.php","meta":{"footnotes":""},"class_list":["post-138","page","type-page","status-publish","hentry"],"_links":{"self":[{"href":"https:\/\/www.polishingmach.com\/tr\/wp-json\/wp\/v2\/pages\/138","targetHints":{"allow":["GET"]}}],"collection":[{"href":"https:\/\/www.polishingmach.com\/tr\/wp-json\/wp\/v2\/pages"}],"about":[{"href":"https:\/\/www.polishingmach.com\/tr\/wp-json\/wp\/v2\/types\/page"}],"author":[{"embeddable":true,"href":"https:\/\/www.polishingmach.com\/tr\/wp-json\/wp\/v2\/users\/1"}],"replies":[{"embeddable":true,"href":"https:\/\/www.polishingmach.com\/tr\/wp-json\/wp\/v2\/comments?post=138"}],"version-history":[{"count":2,"href":"https:\/\/www.polishingmach.com\/tr\/wp-json\/wp\/v2\/pages\/138\/revisions"}],"predecessor-version":[{"id":411,"href":"https:\/\/www.polishingmach.com\/tr\/wp-json\/wp\/v2\/pages\/138\/revisions\/411"}],"wp:attachment":[{"href":"https:\/\/www.polishingmach.com\/tr\/wp-json\/wp\/v2\/media?parent=138"}],"curies":[{"name":"wp","href":"https:\/\/api.w.org\/{rel}","templated":true}]}}