{"id":41,"date":"2022-08-16T16:10:47","date_gmt":"2022-08-16T08:10:47","guid":{"rendered":"https:\/\/www.polishingmach.com\/?page_id=41"},"modified":"2025-01-14T16:55:16","modified_gmt":"2025-01-14T08:55:16","slug":"sobre-nosotros","status":"publish","type":"page","link":"https:\/\/www.polishingmach.com\/es\/about-us\/","title":{"rendered":"SOBRE NOSOTROS"},"content":{"rendered":"<p>Anhui XYD Polishing Machine Co., Ltd. se estableci\u00f3 en 2009. Es la primera empresa nacional de alta tecnolog\u00eda en el este de China que se especializa en investigaci\u00f3n y desarrollo, producci\u00f3n, ventas y servicios t\u00e9cnicos de equipos de pulido mec\u00e1nico. Dos marcas independientes. La empresa est\u00e1 ubicada en la Zona de Desarrollo Econ\u00f3mico y Tecnol\u00f3gico de la ciudad de Hefei, con una superficie de 30 acres, con un valor total de 20 millones de yuanes en activos fijos. ascendi\u00f3 a 30 millones de yuanes.<\/p>","protected":false},"excerpt":{"rendered":"<p>Anhui XYD Polishing Machine Co., Ltd. was established in 2009. It is the first national high-tech enterprise in East China specializing in the research and development, production, sales and technical services of mechanical polishing equipment. Two independent brands. The company is located in the Economic and Technological Development Zone of Hefei City, covering an area [&hellip;]<\/p>\n","protected":false},"author":1,"featured_media":0,"parent":0,"menu_order":0,"comment_status":"closed","ping_status":"closed","template":"page\/about.php","meta":{"footnotes":""},"class_list":["post-41","page","type-page","status-publish","hentry"],"_links":{"self":[{"href":"https:\/\/www.polishingmach.com\/es\/wp-json\/wp\/v2\/pages\/41","targetHints":{"allow":["GET"]}}],"collection":[{"href":"https:\/\/www.polishingmach.com\/es\/wp-json\/wp\/v2\/pages"}],"about":[{"href":"https:\/\/www.polishingmach.com\/es\/wp-json\/wp\/v2\/types\/page"}],"author":[{"embeddable":true,"href":"https:\/\/www.polishingmach.com\/es\/wp-json\/wp\/v2\/users\/1"}],"replies":[{"embeddable":true,"href":"https:\/\/www.polishingmach.com\/es\/wp-json\/wp\/v2\/comments?post=41"}],"version-history":[{"count":5,"href":"https:\/\/www.polishingmach.com\/es\/wp-json\/wp\/v2\/pages\/41\/revisions"}],"predecessor-version":[{"id":360,"href":"https:\/\/www.polishingmach.com\/es\/wp-json\/wp\/v2\/pages\/41\/revisions\/360"}],"wp:attachment":[{"href":"https:\/\/www.polishingmach.com\/es\/wp-json\/wp\/v2\/media?parent=41"}],"curies":[{"name":"wp","href":"https:\/\/api.w.org\/{rel}","templated":true}]}}